{"id":2297,"date":"2024-12-08T20:55:08","date_gmt":"2024-12-08T20:55:08","guid":{"rendered":"https:\/\/lvjgroup.si\/?page_id=2297"},"modified":"2025-01-13T17:12:44","modified_gmt":"2025-01-13T17:12:44","slug":"balkoni","status":"publish","type":"page","link":"https:\/\/lvjgroup.si\/de\/balkoni\/","title":{"rendered":"BALKONE"},"content":{"rendered":"<div data-elementor-type=\"wp-page\" data-elementor-id=\"2297\" class=\"elementor elementor-2297\" data-elementor-post-type=\"page\">\n\t\t\t\t<div class=\"elementor-element elementor-element-24ca577 e-flex e-con-boxed e-con e-parent\" data-id=\"24ca577\" data-element_type=\"container\" data-settings=\"{&quot;background_background&quot;:&quot;classic&quot;}\">\n\t\t\t\t\t<div class=\"e-con-inner\">\n\t\t<div class=\"elementor-element elementor-element-d2ac8a2 e-flex e-con-boxed e-con e-child\" data-id=\"d2ac8a2\" data-element_type=\"container\">\n\t\t\t\t\t<div class=\"e-con-inner\">\n\t\t\t\t<div class=\"elementor-element elementor-element-29ffa7b elementor-widget elementor-widget-heading\" data-id=\"29ffa7b\" data-element_type=\"widget\" data-widget_type=\"heading.default\">\n\t\t\t\t<div class=\"elementor-widget-container\">\n\t\t\t\t\t<h1 class=\"elementor-heading-title elementor-size-default\">Balkone<\/h1>\t\t\t\t<\/div>\n\t\t\t\t<\/div>\n\t\t\t\t\t<\/div>\n\t\t\t\t<\/div>\n\t\t\t\t\t<\/div>\n\t\t\t\t<\/div>\n\t\t<div class=\"elementor-element elementor-element-21d6f5b e-flex e-con-boxed e-con e-parent\" data-id=\"21d6f5b\" data-element_type=\"container\">\n\t\t\t\t\t<div class=\"e-con-inner\">\n\t\t<div class=\"elementor-element elementor-element-9800bdb e-con-full e-flex e-con e-child\" data-id=\"9800bdb\" data-element_type=\"container\">\n\t\t\t\t<div class=\"elementor-element elementor-element-35abd91 elementor-widget__width-initial elementor-widget elementor-widget-image\" data-id=\"35abd91\" data-element_type=\"widget\" data-widget_type=\"image.default\">\n\t\t\t\t<div class=\"elementor-widget-container\">\n\t\t\t\t\t\t\t\t\t\t\t\t\t\t\t<img fetchpriority=\"high\" decoding=\"async\" width=\"800\" height=\"600\" src=\"https:\/\/lvjgroup.si\/wp-content\/uploads\/2024\/12\/601ea48beadbcef342ec57ce76b0440b.jpg\" class=\"attachment-full size-full wp-image-2584\" alt=\"\" srcset=\"https:\/\/lvjgroup.si\/wp-content\/uploads\/2024\/12\/601ea48beadbcef342ec57ce76b0440b.jpg 800w, https:\/\/lvjgroup.si\/wp-content\/uploads\/2024\/12\/601ea48beadbcef342ec57ce76b0440b-300x225.jpg 300w, https:\/\/lvjgroup.si\/wp-content\/uploads\/2024\/12\/601ea48beadbcef342ec57ce76b0440b-768x576.jpg 768w, https:\/\/lvjgroup.si\/wp-content\/uploads\/2024\/12\/601ea48beadbcef342ec57ce76b0440b-16x12.jpg 16w\" sizes=\"(max-width: 800px) 100vw, 800px\" \/>\t\t\t\t\t\t\t\t\t\t\t\t\t\t\t<\/div>\n\t\t\t\t<\/div>\n\t\t\t\t<\/div>\n\t\t<div class=\"elementor-element elementor-element-1177417 e-con-full e-flex e-con e-child\" data-id=\"1177417\" data-element_type=\"container\">\n\t\t\t\t<div class=\"elementor-element elementor-element-328f1e2 elementor-widget elementor-widget-heading\" data-id=\"328f1e2\" data-element_type=\"widget\" data-widget_type=\"heading.default\">\n\t\t\t\t<div class=\"elementor-widget-container\">\n\t\t\t\t\t<h4 class=\"elementor-heading-title elementor-size-default\">BALKONE <\/h4>\t\t\t\t<\/div>\n\t\t\t\t<\/div>\n\t\t\t\t<div class=\"elementor-element elementor-element-b286232 elementor-widget elementor-widget-text-editor\" data-id=\"b286232\" data-element_type=\"widget\" data-widget_type=\"text-editor.default\">\n\t\t\t\t<div class=\"elementor-widget-container\">\n\t\t\t\t\t\t\t\t\t<p><strong>Unsere Terrassen-Dienstleistungen<\/strong><\/p><p>Wir fertigen Terrassen aus hochwertigen Materialien, die Haltbarkeit und \u00e4sthetisches Aussehen garantieren. Unsere Typen umfassen:<\/p><ul><li class=\" translation-block\"><strong>Terrassen aus schwarzem Metall<\/strong> \u2013 Stark und langlebig, geeignet f\u00fcr verschiedene Einsatzm\u00f6glichkeiten.<\/li><li class=\" translation-block\"><strong>Plastifizierte Terrassen<\/strong> \u2013 Mit einer Schutzschicht f\u00fcr Widerstandsf\u00e4higkeit gegen\u00fcber Witterungseinfl\u00fcssen und langanhaltende Haltbarkeit.<\/li><li class=\" translation-block\"><strong>Feuerverzinkte Terrassen<\/strong> \u2013 Korrosionsbest\u00e4ndig und ideal f\u00fcr den Au\u00dfeneinsatz unter allen Bedingungen.<\/li><\/ul><p>Wir garantieren hohe Qualit\u00e4t und professionelle Montage f\u00fcr die vollst\u00e4ndige Zufriedenheit unserer Kunden. Kontaktieren Sie uns f\u00fcr weitere Informationen!<\/p>\t\t\t\t\t\t\t\t<\/div>\n\t\t\t\t<\/div>\n\t\t\t\t<\/div>\n\t\t\t\t\t<\/div>\n\t\t\t\t<\/div>\n\t\t<div class=\"elementor-element elementor-element-cabc428 e-flex e-con-boxed e-con e-parent\" data-id=\"cabc428\" data-element_type=\"container\" data-settings=\"{&quot;background_background&quot;:&quot;classic&quot;}\">\n\t\t\t\t\t<div class=\"e-con-inner\">\n\t\t\t\t<div class=\"elementor-element elementor-element-ae3dfeb elementor-widget elementor-widget-heading\" data-id=\"ae3dfeb\" data-element_type=\"widget\" data-widget_type=\"heading.default\">\n\t\t\t\t<div class=\"elementor-widget-container\">\n\t\t\t\t\t<h2 class=\"elementor-heading-title elementor-size-default\">Balkonprojekte<\/h2>\t\t\t\t<\/div>\n\t\t\t\t<\/div>\n\t\t<div class=\"elementor-element elementor-element-7837a9d e-con-full e-flex e-con e-child\" data-id=\"7837a9d\" data-element_type=\"container\">\n\t\t\t\t<div class=\"elementor-element elementor-element-181310b elementor-widget elementor-widget-gallery\" data-id=\"181310b\" data-element_type=\"widget\" data-settings=\"{&quot;columns_mobile&quot;:2,&quot;lazyload&quot;:&quot;yes&quot;,&quot;gallery_layout&quot;:&quot;grid&quot;,&quot;columns&quot;:4,&quot;columns_tablet&quot;:2,&quot;gap&quot;:{&quot;unit&quot;:&quot;px&quot;,&quot;size&quot;:10,&quot;sizes&quot;:[]},&quot;gap_tablet&quot;:{&quot;unit&quot;:&quot;px&quot;,&quot;size&quot;:10,&quot;sizes&quot;:[]},&quot;gap_mobile&quot;:{&quot;unit&quot;:&quot;px&quot;,&quot;size&quot;:10,&quot;sizes&quot;:[]},&quot;link_to&quot;:&quot;file&quot;,&quot;aspect_ratio&quot;:&quot;3:2&quot;,&quot;overlay_background&quot;:&quot;yes&quot;,&quot;content_hover_animation&quot;:&quot;fade-in&quot;}\" data-widget_type=\"gallery.default\">\n\t\t\t\t<div class=\"elementor-widget-container\">\n\t\t\t\t\t\t\t<div class=\"elementor-gallery__container\">\n\t\t\t\t\t\t\t<a class=\"e-gallery-item elementor-gallery-item elementor-animated-content\" href=\"https:\/\/lvjgroup.si\/wp-content\/uploads\/2025\/01\/3407be25968b9e4767310e9c71da2b20.jpg\" data-elementor-open-lightbox=\"yes\" data-elementor-lightbox-slideshow=\"181310b\" data-e-action-hash=\"#elementor-action%3Aaction%3Dlightbox%26settings%3DeyJpZCI6Mjc0MywidXJsIjoiaHR0cHM6XC9cL2x2amdyb3VwLnNpXC93cC1jb250ZW50XC91cGxvYWRzXC8yMDI1XC8wMVwvMzQwN2JlMjU5NjhiOWU0NzY3MzEwZTljNzFkYTJiMjAuanBnIiwic2xpZGVzaG93IjoiMTgxMzEwYiJ9\">\n\t\t\t\t\t<div class=\"e-gallery-image elementor-gallery-item__image\" data-thumbnail=\"https:\/\/lvjgroup.si\/wp-content\/uploads\/2025\/01\/3407be25968b9e4767310e9c71da2b20.jpg\" data-width=\"736\" data-height=\"981\" aria-label=\"\" role=\"img\" ><\/div>\n\t\t\t\t\t\t\t\t\t\t\t<div class=\"elementor-gallery-item__overlay\"><\/div>\n\t\t\t\t\t\t\t\t\t\t\t\t\t\t<\/a>\n\t\t\t\t\t\t\t<a class=\"e-gallery-item elementor-gallery-item elementor-animated-content\" href=\"https:\/\/lvjgroup.si\/wp-content\/uploads\/2025\/01\/2.jpg\" data-elementor-open-lightbox=\"yes\" data-elementor-lightbox-slideshow=\"181310b\" data-e-action-hash=\"#elementor-action%3Aaction%3Dlightbox%26settings%3DeyJpZCI6Mjc1OSwidXJsIjoiaHR0cHM6XC9cL2x2amdyb3VwLnNpXC93cC1jb250ZW50XC91cGxvYWRzXC8yMDI1XC8wMVwvMi5qcGciLCJzbGlkZXNob3ciOiIxODEzMTBiIn0%3D\">\n\t\t\t\t\t<div class=\"e-gallery-image elementor-gallery-item__image\" data-thumbnail=\"https:\/\/lvjgroup.si\/wp-content\/uploads\/2025\/01\/2-1024x745.jpg\" data-width=\"1024\" data-height=\"745\" aria-label=\"\" role=\"img\" ><\/div>\n\t\t\t\t\t\t\t\t\t\t\t<div class=\"elementor-gallery-item__overlay\"><\/div>\n\t\t\t\t\t\t\t\t\t\t\t\t\t\t<\/a>\n\t\t\t\t\t\t\t<a class=\"e-gallery-item elementor-gallery-item elementor-animated-content\" href=\"https:\/\/lvjgroup.si\/wp-content\/uploads\/2025\/01\/32d9bdf2d7f2102e0832ab18bfbd34f8.jpg\" data-elementor-open-lightbox=\"yes\" data-elementor-lightbox-slideshow=\"181310b\" data-e-action-hash=\"#elementor-action%3Aaction%3Dlightbox%26settings%3DeyJpZCI6Mjc0MSwidXJsIjoiaHR0cHM6XC9cL2x2amdyb3VwLnNpXC93cC1jb250ZW50XC91cGxvYWRzXC8yMDI1XC8wMVwvMzJkOWJkZjJkN2YyMTAyZTA4MzJhYjE4YmZiZDM0ZjguanBnIiwic2xpZGVzaG93IjoiMTgxMzEwYiJ9\">\n\t\t\t\t\t<div class=\"e-gallery-image elementor-gallery-item__image\" data-thumbnail=\"https:\/\/lvjgroup.si\/wp-content\/uploads\/2025\/01\/32d9bdf2d7f2102e0832ab18bfbd34f8.jpg\" data-width=\"675\" data-height=\"900\" aria-label=\"\" role=\"img\" ><\/div>\n\t\t\t\t\t\t\t\t\t\t\t<div class=\"elementor-gallery-item__overlay\"><\/div>\n\t\t\t\t\t\t\t\t\t\t\t\t\t\t<\/a>\n\t\t\t\t\t\t\t<a class=\"e-gallery-item elementor-gallery-item elementor-animated-content\" href=\"https:\/\/lvjgroup.si\/wp-content\/uploads\/2025\/01\/ca8915918618acd3906fe121588f4bd5.jpg\" data-elementor-open-lightbox=\"yes\" data-elementor-lightbox-slideshow=\"181310b\" data-e-action-hash=\"#elementor-action%3Aaction%3Dlightbox%26settings%3DeyJpZCI6Mjc0NiwidXJsIjoiaHR0cHM6XC9cL2x2amdyb3VwLnNpXC93cC1jb250ZW50XC91cGxvYWRzXC8yMDI1XC8wMVwvY2E4OTE1OTE4NjE4YWNkMzkwNmZlMTIxNTg4ZjRiZDUuanBnIiwic2xpZGVzaG93IjoiMTgxMzEwYiJ9\">\n\t\t\t\t\t<div class=\"e-gallery-image elementor-gallery-item__image\" data-thumbnail=\"https:\/\/lvjgroup.si\/wp-content\/uploads\/2025\/01\/ca8915918618acd3906fe121588f4bd5-680x1024.jpg\" data-width=\"680\" data-height=\"1024\" aria-label=\"\" role=\"img\" ><\/div>\n\t\t\t\t\t\t\t\t\t\t\t<div class=\"elementor-gallery-item__overlay\"><\/div>\n\t\t\t\t\t\t\t\t\t\t\t\t\t\t<\/a>\n\t\t\t\t\t\t\t<a class=\"e-gallery-item elementor-gallery-item elementor-animated-content\" href=\"https:\/\/lvjgroup.si\/wp-content\/uploads\/2025\/01\/49e819a11feffc20246cc6d46f3baf05.jpg\" data-elementor-open-lightbox=\"yes\" data-elementor-lightbox-slideshow=\"181310b\" data-e-action-hash=\"#elementor-action%3Aaction%3Dlightbox%26settings%3DeyJpZCI6Mjc0MiwidXJsIjoiaHR0cHM6XC9cL2x2amdyb3VwLnNpXC93cC1jb250ZW50XC91cGxvYWRzXC8yMDI1XC8wMVwvNDllODE5YTExZmVmZmMyMDI0NmNjNmQ0NmYzYmFmMDUuanBnIiwic2xpZGVzaG93IjoiMTgxMzEwYiJ9\">\n\t\t\t\t\t<div class=\"e-gallery-image elementor-gallery-item__image\" data-thumbnail=\"https:\/\/lvjgroup.si\/wp-content\/uploads\/2025\/01\/49e819a11feffc20246cc6d46f3baf05.jpg\" data-width=\"600\" data-height=\"900\" aria-label=\"\" role=\"img\" ><\/div>\n\t\t\t\t\t\t\t\t\t\t\t<div class=\"elementor-gallery-item__overlay\"><\/div>\n\t\t\t\t\t\t\t\t\t\t\t\t\t\t<\/a>\n\t\t\t\t\t\t\t<a class=\"e-gallery-item elementor-gallery-item elementor-animated-content\" href=\"https:\/\/lvjgroup.si\/wp-content\/uploads\/2024\/12\/7a846445821ec210bae8c2e3d5bc2aa1.jpg\" data-elementor-open-lightbox=\"yes\" data-elementor-lightbox-slideshow=\"181310b\" data-e-action-hash=\"#elementor-action%3Aaction%3Dlightbox%26settings%3DeyJpZCI6MjU4MCwidXJsIjoiaHR0cHM6XC9cL2x2amdyb3VwLnNpXC93cC1jb250ZW50XC91cGxvYWRzXC8yMDI0XC8xMlwvN2E4NDY0NDU4MjFlYzIxMGJhZThjMmUzZDViYzJhYTEuanBnIiwic2xpZGVzaG93IjoiMTgxMzEwYiJ9\">\n\t\t\t\t\t<div class=\"e-gallery-image elementor-gallery-item__image\" data-thumbnail=\"https:\/\/lvjgroup.si\/wp-content\/uploads\/2024\/12\/7a846445821ec210bae8c2e3d5bc2aa1.jpg\" data-width=\"675\" data-height=\"900\" aria-label=\"\" role=\"img\" ><\/div>\n\t\t\t\t\t\t\t\t\t\t\t<div class=\"elementor-gallery-item__overlay\"><\/div>\n\t\t\t\t\t\t\t\t\t\t\t\t\t\t<\/a>\n\t\t\t\t\t\t\t<a class=\"e-gallery-item elementor-gallery-item elementor-animated-content\" href=\"https:\/\/lvjgroup.si\/wp-content\/uploads\/2025\/01\/1293245f94dd6ff6f3e02cc1d34eed8a.jpg\" data-elementor-open-lightbox=\"yes\" data-elementor-lightbox-slideshow=\"181310b\" data-e-action-hash=\"#elementor-action%3Aaction%3Dlightbox%26settings%3DeyJpZCI6Mjc0NCwidXJsIjoiaHR0cHM6XC9cL2x2amdyb3VwLnNpXC93cC1jb250ZW50XC91cGxvYWRzXC8yMDI1XC8wMVwvMTI5MzI0NWY5NGRkNmZmNmYzZTAyY2MxZDM0ZWVkOGEuanBnIiwic2xpZGVzaG93IjoiMTgxMzEwYiJ9\">\n\t\t\t\t\t<div class=\"e-gallery-image elementor-gallery-item__image\" data-thumbnail=\"https:\/\/lvjgroup.si\/wp-content\/uploads\/2025\/01\/1293245f94dd6ff6f3e02cc1d34eed8a-1024x666.jpg\" data-width=\"1024\" data-height=\"666\" aria-label=\"\" role=\"img\" ><\/div>\n\t\t\t\t\t\t\t\t\t\t\t<div class=\"elementor-gallery-item__overlay\"><\/div>\n\t\t\t\t\t\t\t\t\t\t\t\t\t\t<\/a>\n\t\t\t\t\t\t\t<a class=\"e-gallery-item elementor-gallery-item elementor-animated-content\" href=\"https:\/\/lvjgroup.si\/wp-content\/uploads\/2025\/01\/a40bdfb7e77223a2f15c1a6680f70254.jpg\" data-elementor-open-lightbox=\"yes\" data-elementor-lightbox-slideshow=\"181310b\" data-e-action-hash=\"#elementor-action%3Aaction%3Dlightbox%26settings%3DeyJpZCI6Mjc0NSwidXJsIjoiaHR0cHM6XC9cL2x2amdyb3VwLnNpXC93cC1jb250ZW50XC91cGxvYWRzXC8yMDI1XC8wMVwvYTQwYmRmYjdlNzcyMjNhMmYxNWMxYTY2ODBmNzAyNTQuanBnIiwic2xpZGVzaG93IjoiMTgxMzEwYiJ9\">\n\t\t\t\t\t<div class=\"e-gallery-image elementor-gallery-item__image\" data-thumbnail=\"https:\/\/lvjgroup.si\/wp-content\/uploads\/2025\/01\/a40bdfb7e77223a2f15c1a6680f70254.jpg\" data-width=\"970\" data-height=\"590\" aria-label=\"\" role=\"img\" ><\/div>\n\t\t\t\t\t\t\t\t\t\t\t<div class=\"elementor-gallery-item__overlay\"><\/div>\n\t\t\t\t\t\t\t\t\t\t\t\t\t\t<\/a>\n\t\t\t\t\t\t\t<a class=\"e-gallery-item elementor-gallery-item elementor-animated-content\" href=\"https:\/\/lvjgroup.si\/wp-content\/uploads\/2025\/01\/dd621744e9861e6ad82b7ee4b7c6381c.jpg\" data-elementor-open-lightbox=\"yes\" data-elementor-lightbox-slideshow=\"181310b\" data-e-action-hash=\"#elementor-action%3Aaction%3Dlightbox%26settings%3DeyJpZCI6Mjc0NywidXJsIjoiaHR0cHM6XC9cL2x2amdyb3VwLnNpXC93cC1jb250ZW50XC91cGxvYWRzXC8yMDI1XC8wMVwvZGQ2MjE3NDRlOTg2MWU2YWQ4MmI3ZWU0YjdjNjM4MWMuanBnIiwic2xpZGVzaG93IjoiMTgxMzEwYiJ9\">\n\t\t\t\t\t<div class=\"e-gallery-image elementor-gallery-item__image\" data-thumbnail=\"https:\/\/lvjgroup.si\/wp-content\/uploads\/2025\/01\/dd621744e9861e6ad82b7ee4b7c6381c-837x1024.jpg\" data-width=\"837\" data-height=\"1024\" aria-label=\"\" role=\"img\" ><\/div>\n\t\t\t\t\t\t\t\t\t\t\t<div class=\"elementor-gallery-item__overlay\"><\/div>\n\t\t\t\t\t\t\t\t\t\t\t\t\t\t<\/a>\n\t\t\t\t\t\t\t<a class=\"e-gallery-item elementor-gallery-item elementor-animated-content\" href=\"https:\/\/lvjgroup.si\/wp-content\/uploads\/2025\/01\/e4db3c97c1ecb1fa5facb7bd2d626e9a.jpg\" data-elementor-open-lightbox=\"yes\" data-elementor-lightbox-slideshow=\"181310b\" data-e-action-hash=\"#elementor-action%3Aaction%3Dlightbox%26settings%3DeyJpZCI6Mjc0OCwidXJsIjoiaHR0cHM6XC9cL2x2amdyb3VwLnNpXC93cC1jb250ZW50XC91cGxvYWRzXC8yMDI1XC8wMVwvZTRkYjNjOTdjMWVjYjFmYTVmYWNiN2JkMmQ2MjZlOWEuanBnIiwic2xpZGVzaG93IjoiMTgxMzEwYiJ9\">\n\t\t\t\t\t<div class=\"e-gallery-image elementor-gallery-item__image\" data-thumbnail=\"https:\/\/lvjgroup.si\/wp-content\/uploads\/2025\/01\/e4db3c97c1ecb1fa5facb7bd2d626e9a-1024x641.jpg\" data-width=\"1024\" data-height=\"641\" aria-label=\"\" role=\"img\" ><\/div>\n\t\t\t\t\t\t\t\t\t\t\t<div class=\"elementor-gallery-item__overlay\"><\/div>\n\t\t\t\t\t\t\t\t\t\t\t\t\t\t<\/a>\n\t\t\t\t\t\t\t<a class=\"e-gallery-item elementor-gallery-item elementor-animated-content\" href=\"https:\/\/lvjgroup.si\/wp-content\/uploads\/2024\/12\/c2e0e5c2d53a17d181aecab769edc027.jpg\" data-elementor-open-lightbox=\"yes\" data-elementor-lightbox-slideshow=\"181310b\" data-e-action-hash=\"#elementor-action%3Aaction%3Dlightbox%26settings%3DeyJpZCI6MjU3OSwidXJsIjoiaHR0cHM6XC9cL2x2amdyb3VwLnNpXC93cC1jb250ZW50XC91cGxvYWRzXC8yMDI0XC8xMlwvYzJlMGU1YzJkNTNhMTdkMTgxYWVjYWI3NjllZGMwMjcuanBnIiwic2xpZGVzaG93IjoiMTgxMzEwYiJ9\">\n\t\t\t\t\t<div class=\"e-gallery-image elementor-gallery-item__image\" data-thumbnail=\"https:\/\/lvjgroup.si\/wp-content\/uploads\/2024\/12\/c2e0e5c2d53a17d181aecab769edc027.jpg\" data-width=\"735\" data-height=\"487\" aria-label=\"\" role=\"img\" ><\/div>\n\t\t\t\t\t\t\t\t\t\t\t<div class=\"elementor-gallery-item__overlay\"><\/div>\n\t\t\t\t\t\t\t\t\t\t\t\t\t\t<\/a>\n\t\t\t\t\t\t\t<a class=\"e-gallery-item elementor-gallery-item elementor-animated-content\" href=\"https:\/\/lvjgroup.si\/wp-content\/uploads\/2025\/01\/1.jpg\" data-elementor-open-lightbox=\"yes\" data-elementor-lightbox-slideshow=\"181310b\" data-e-action-hash=\"#elementor-action%3Aaction%3Dlightbox%26settings%3DeyJpZCI6Mjc1OCwidXJsIjoiaHR0cHM6XC9cL2x2amdyb3VwLnNpXC93cC1jb250ZW50XC91cGxvYWRzXC8yMDI1XC8wMVwvMS5qcGciLCJzbGlkZXNob3ciOiIxODEzMTBiIn0%3D\">\n\t\t\t\t\t<div class=\"e-gallery-image elementor-gallery-item__image\" data-thumbnail=\"https:\/\/lvjgroup.si\/wp-content\/uploads\/2025\/01\/1.jpg\" data-width=\"533\" data-height=\"800\" aria-label=\"\" role=\"img\" ><\/div>\n\t\t\t\t\t\t\t\t\t\t\t<div class=\"elementor-gallery-item__overlay\"><\/div>\n\t\t\t\t\t\t\t\t\t\t\t\t\t\t<\/a>\n\t\t\t\t\t<\/div>\n\t\t\t\t\t<\/div>\n\t\t\t\t<\/div>\n\t\t\t\t<\/div>\n\t\t\t\t\t<\/div>\n\t\t\t\t<\/div>\n\t\t<div class=\"elementor-element elementor-element-2610473 e-flex e-con-boxed e-con e-parent\" data-id=\"2610473\" data-element_type=\"container\" data-settings=\"{&quot;background_background&quot;:&quot;classic&quot;}\">\n\t\t\t\t\t<div class=\"e-con-inner\">\n\t\t<div class=\"elementor-element elementor-element-8907888 e-con-full e-flex e-con e-child\" data-id=\"8907888\" data-element_type=\"container\">\n\t\t\t\t<div class=\"elementor-element elementor-element-d2e488f elementor-widget elementor-widget-text-editor\" data-id=\"d2e488f\" data-element_type=\"widget\" data-widget_type=\"text-editor.default\">\n\t\t\t\t<div class=\"elementor-widget-container\">\n\t\t\t\t\t\t\t\t\t<p>Haben Sie noch Fragen oder ben\u00f6tigen Sie weitere Informationen? W\u00e4hlen Sie die Option, die am besten zu Ihnen passt<\/p>\t\t\t\t\t\t\t\t<\/div>\n\t\t\t\t<\/div>\n\t\t\t\t<\/div>\n\t\t<div class=\"elementor-element elementor-element-cd88f52 e-con-full e-flex e-con e-child\" data-id=\"cd88f52\" data-element_type=\"container\">\n\t\t\t\t<div class=\"elementor-element elementor-element-1584f01 elementor-widget elementor-widget-button\" data-id=\"1584f01\" data-element_type=\"widget\" data-widget_type=\"button.default\">\n\t\t\t\t<div class=\"elementor-widget-container\">\n\t\t\t\t\t\t\t\t\t<div class=\"elementor-button-wrapper\">\n\t\t\t\t\t<a class=\"elementor-button elementor-button-link elementor-size-sm\" href=\"#\">\n\t\t\t\t\t\t<span class=\"elementor-button-content-wrapper\">\n\t\t\t\t\t\t\t\t\t<span class=\"elementor-button-text\">&gt; Vrni se na doma\u010do stran<\/span>\n\t\t\t\t\t<\/span>\n\t\t\t\t\t<\/a>\n\t\t\t\t<\/div>\n\t\t\t\t\t\t\t\t<\/div>\n\t\t\t\t<\/div>\n\t\t\t\t<div class=\"elementor-element elementor-element-654ae37 elementor-widget elementor-widget-button\" data-id=\"654ae37\" data-element_type=\"widget\" data-widget_type=\"button.default\">\n\t\t\t\t<div class=\"elementor-widget-container\">\n\t\t\t\t\t\t\t\t\t<div class=\"elementor-button-wrapper\">\n\t\t\t\t\t<a class=\"elementor-button elementor-button-link elementor-size-sm\" href=\"#\">\n\t\t\t\t\t\t<span class=\"elementor-button-content-wrapper\">\n\t\t\t\t\t\t\t\t\t<span class=\"elementor-button-text\">&gt; Oglej si projekte<\/span>\n\t\t\t\t\t<\/span>\n\t\t\t\t\t<\/a>\n\t\t\t\t<\/div>\n\t\t\t\t\t\t\t\t<\/div>\n\t\t\t\t<\/div>\n\t\t\t\t<div class=\"elementor-element elementor-element-ef3dbb3 elementor-widget elementor-widget-button\" data-id=\"ef3dbb3\" data-element_type=\"widget\" data-widget_type=\"button.default\">\n\t\t\t\t<div class=\"elementor-widget-container\">\n\t\t\t\t\t\t\t\t\t<div class=\"elementor-button-wrapper\">\n\t\t\t\t\t<a class=\"elementor-button elementor-button-link elementor-size-sm\" href=\"#\">\n\t\t\t\t\t\t<span class=\"elementor-button-content-wrapper\">\n\t\t\t\t\t\t\t\t\t<span class=\"elementor-button-text\">&gt; Kontaktiraj\u00a0nas<\/span>\n\t\t\t\t\t<\/span>\n\t\t\t\t\t<\/a>\n\t\t\t\t<\/div>\n\t\t\t\t\t\t\t\t<\/div>\n\t\t\t\t<\/div>\n\t\t\t\t<\/div>\n\t\t\t\t\t<\/div>\n\t\t\t\t<\/div>\n\t\t<div class=\"elementor-element elementor-element-ce4c565 e-flex e-con-boxed e-con e-parent\" data-id=\"ce4c565\" data-element_type=\"container\" data-settings=\"{&quot;background_background&quot;:&quot;classic&quot;}\">\n\t\t\t\t\t<div class=\"e-con-inner\">\n\t\t\t\t<div class=\"elementor-element elementor-element-0248638 elementor-widget elementor-widget-image\" data-id=\"0248638\" data-element_type=\"widget\" data-widget_type=\"image.default\">\n\t\t\t\t<div class=\"elementor-widget-container\">\n\t\t\t\t\t\t\t\t\t\t\t\t\t\t\t<img decoding=\"async\" width=\"607\" height=\"411\" src=\"https:\/\/lvjgroup.si\/wp-content\/uploads\/2024\/12\/logo-removebg-preview-175x118.png\" class=\"attachment-large size-large wp-image-2501\" alt=\"\" srcset=\"https:\/\/lvjgroup.si\/wp-content\/uploads\/2024\/12\/logo-removebg-preview.png 1x, https:\/\/lvjgroup.si\/wp-content\/uploads\/2024\/12\/logo-removebg-preview.png 2x\" sizes=\"(max-width: 607px) 100vw, 607px\" \/>\t\t\t\t\t\t\t\t\t\t\t\t\t\t\t<\/div>\n\t\t\t\t<\/div>\n\t\t\t\t<div class=\"elementor-element elementor-element-0c93e18 elementor-widget__width-initial elementor-widget elementor-widget-text-editor\" data-id=\"0c93e18\" data-element_type=\"widget\" data-widget_type=\"text-editor.default\">\n\t\t\t\t<div class=\"elementor-widget-container\">\n\t\t\t\t\t\t\t\t\t<p>Die LVJ Group bietet hochwertige und zuverl\u00e4ssige L\u00f6sungen f\u00fcr Treppen, Z\u00e4une, Schutzpfeiler und andere ma\u00dfgeschneiderte Metallprodukte, die Handwerkskunst, Stil und Funktionalit\u00e4t vereinen. Vertrauen Sie unserem Fachwissen, um Ihre Vision zu verwirklichen!<\/p>\t\t\t\t\t\t\t\t<\/div>\n\t\t\t\t<\/div>\n\t\t\t\t\t<\/div>\n\t\t\t\t<\/div>\n\t\t\t\t<\/div>","protected":false},"excerpt":{"rendered":"<p>Balkoni BALKONI Na\u0161e storitve za terase Izdelujemo terase iz visokokakovostnih materialov, ki zagotavljajo trajnost in estetski videz. Na\u0161i tipi vklju\u010dujejo: Terase iz \u010drnega kovine \u2013 Mo\u010dne in vzdr\u017eljive, primerne za razli\u010dne vrste uporabe. Plastificirane terase \u2013 Z za\u0161\u010ditno plastjo za odpornost proti vremenskim vplivom in dolgotrajno vzdr\u017eljivost. Cinkane terase \u2013 Odpornost na korozijo in primerne [&hellip;]<\/p>","protected":false},"author":1,"featured_media":0,"parent":0,"menu_order":0,"comment_status":"closed","ping_status":"closed","template":"","meta":{"site-sidebar-layout":"no-sidebar","site-content-layout":"page-builder","ast-site-content-layout":"full-width-container","site-content-style":"default","site-sidebar-style":"default","ast-global-header-display":"","ast-banner-title-visibility":"","ast-main-header-display":"","ast-hfb-above-header-display":"","ast-hfb-below-header-display":"","ast-hfb-mobile-header-display":"","site-post-title":"disabled","ast-breadcrumbs-content":"","ast-featured-img":"disabled","footer-sml-layout":"","theme-transparent-header-meta":"","adv-header-id-meta":"","stick-header-meta":"","header-above-stick-meta":"","header-main-stick-meta":"","header-below-stick-meta":"","astra-migrate-meta-layouts":"set","ast-page-background-enabled":"default","ast-page-background-meta":{"desktop":{"background-color":"var(--ast-global-color-4)","background-image":"","background-repeat":"repeat","background-position":"center center","background-size":"auto","background-attachment":"scroll","background-type":"","background-media":"","overlay-type":"","overlay-color":"","overlay-opacity":"","overlay-gradient":""},"tablet":{"background-color":"","background-image":"","background-repeat":"repeat","background-position":"center center","background-size":"auto","background-attachment":"scroll","background-type":"","background-media":"","overlay-type":"","overlay-color":"","overlay-opacity":"","overlay-gradient":""},"mobile":{"background-color":"","background-image":"","background-repeat":"repeat","background-position":"center center","background-size":"auto","background-attachment":"scroll","background-type":"","background-media":"","overlay-type":"","overlay-color":"","overlay-opacity":"","overlay-gradient":""}},"ast-content-background-meta":{"desktop":{"background-color":"var(--ast-global-color-5)","background-image":"","background-repeat":"repeat","background-position":"center center","background-size":"auto","background-attachment":"scroll","background-type":"","background-media":"","overlay-type":"","overlay-color":"","overlay-opacity":"","overlay-gradient":""},"tablet":{"background-color":"var(--ast-global-color-5)","background-image":"","background-repeat":"repeat","background-position":"center center","background-size":"auto","background-attachment":"scroll","background-type":"","background-media":"","overlay-type":"","overlay-color":"","overlay-opacity":"","overlay-gradient":""},"mobile":{"background-color":"var(--ast-global-color-5)","background-image":"","background-repeat":"repeat","background-position":"center center","background-size":"auto","background-attachment":"scroll","background-type":"","background-media":"","overlay-type":"","overlay-color":"","overlay-opacity":"","overlay-gradient":""}},"footnotes":""},"class_list":["post-2297","page","type-page","status-publish","hentry"],"_links":{"self":[{"href":"https:\/\/lvjgroup.si\/de\/wp-json\/wp\/v2\/pages\/2297","targetHints":{"allow":["GET"]}}],"collection":[{"href":"https:\/\/lvjgroup.si\/de\/wp-json\/wp\/v2\/pages"}],"about":[{"href":"https:\/\/lvjgroup.si\/de\/wp-json\/wp\/v2\/types\/page"}],"author":[{"embeddable":true,"href":"https:\/\/lvjgroup.si\/de\/wp-json\/wp\/v2\/users\/1"}],"replies":[{"embeddable":true,"href":"https:\/\/lvjgroup.si\/de\/wp-json\/wp\/v2\/comments?post=2297"}],"version-history":[{"count":38,"href":"https:\/\/lvjgroup.si\/de\/wp-json\/wp\/v2\/pages\/2297\/revisions"}],"predecessor-version":[{"id":2787,"href":"https:\/\/lvjgroup.si\/de\/wp-json\/wp\/v2\/pages\/2297\/revisions\/2787"}],"wp:attachment":[{"href":"https:\/\/lvjgroup.si\/de\/wp-json\/wp\/v2\/media?parent=2297"}],"curies":[{"name":"wp","href":"https:\/\/api.w.org\/{rel}","templated":true}]}}