{"id":2299,"date":"2024-12-08T20:55:45","date_gmt":"2024-12-08T20:55:45","guid":{"rendered":"https:\/\/lvjgroup.si\/?page_id=2299"},"modified":"2024-12-11T21:11:54","modified_gmt":"2024-12-11T21:11:54","slug":"kovinske-streha-steklo","status":"publish","type":"page","link":"https:\/\/lvjgroup.si\/de\/kovinske-streha-steklo\/","title":{"rendered":"\u00dcBERDACHUNGEN UND D\u00c4CHER"},"content":{"rendered":"<div data-elementor-type=\"wp-page\" data-elementor-id=\"2299\" class=\"elementor elementor-2299\" data-elementor-post-type=\"page\">\n\t\t\t\t<div class=\"elementor-element elementor-element-568a2fc e-flex e-con-boxed e-con e-parent\" data-id=\"568a2fc\" data-element_type=\"container\" data-settings=\"{&quot;background_background&quot;:&quot;classic&quot;}\">\n\t\t\t\t\t<div class=\"e-con-inner\">\n\t\t<div class=\"elementor-element elementor-element-c64721a e-con-full e-flex e-con e-child\" data-id=\"c64721a\" data-element_type=\"container\">\n\t\t\t\t<div class=\"elementor-element elementor-element-3f74035 elementor-widget elementor-widget-heading\" data-id=\"3f74035\" data-element_type=\"widget\" data-widget_type=\"heading.default\">\n\t\t\t\t<div class=\"elementor-widget-container\">\n\t\t\t\t\t<h1 class=\"elementor-heading-title elementor-size-default\">\u00dcberdachungen und D\u00e4cher<\/h1>\t\t\t\t<\/div>\n\t\t\t\t<\/div>\n\t\t\t\t<\/div>\n\t\t\t\t\t<\/div>\n\t\t\t\t<\/div>\n\t\t<div class=\"elementor-element elementor-element-066c80e e-flex e-con-boxed e-con e-parent\" data-id=\"066c80e\" data-element_type=\"container\">\n\t\t\t\t\t<div class=\"e-con-inner\">\n\t\t<div class=\"elementor-element elementor-element-1a0fe03 e-con-full e-flex e-con e-child\" data-id=\"1a0fe03\" data-element_type=\"container\" data-settings=\"{&quot;background_background&quot;:&quot;classic&quot;}\">\n\t\t\t\t<\/div>\n\t\t<div class=\"elementor-element elementor-element-fd169bc e-con-full e-flex e-con e-child\" data-id=\"fd169bc\" data-element_type=\"container\">\n\t\t\t\t<div class=\"elementor-element elementor-element-27d8398 elementor-widget elementor-widget-heading\" data-id=\"27d8398\" data-element_type=\"widget\" data-widget_type=\"heading.default\">\n\t\t\t\t<div class=\"elementor-widget-container\">\n\t\t\t\t\t<h4 class=\"elementor-heading-title elementor-size-default\">\u00dcberdachungen und D\u00e4cher<\/h4>\t\t\t\t<\/div>\n\t\t\t\t<\/div>\n\t\t\t\t<div class=\"elementor-element elementor-element-1eccc78 elementor-widget elementor-widget-text-editor\" data-id=\"1eccc78\" data-element_type=\"widget\" data-widget_type=\"text-editor.default\">\n\t\t\t\t<div class=\"elementor-widget-container\">\n\t\t\t\t\t\t\t\t\t<p>Wir bieten robuste und zuverl\u00e4ssige L\u00f6sungen f\u00fcr Metallbedachungen, die f\u00fcr alle Arten von Geb\u00e4uden geeignet sind. Unsere Typen umfassen:<\/p><ul><li class=\" translation-block\"><strong>Metallbedachungen aus schwarzem Metall<\/strong> \u2013 Stark und langlebig, geeignet f\u00fcr verschiedene Wetterbedingungen und bieten eine lange Lebensdauer.<\/li><li class=\" translation-block\"><strong>Metallbedachungen aus Edelstahl<\/strong> \u2013 Korrosionsbest\u00e4ndigkeit, bieten zus\u00e4tzliche Sicherheit und ein modernes Aussehen, gew\u00e4hrleisten eine lange Lebensdauer und hohe Leistung.<\/li><\/ul><p>Hohe Qualit\u00e4t und professionelle Montage sind unsere Hauptpriorit\u00e4ten, um sicheren und dauerhaften Schutz f\u00fcr Ihr Geb\u00e4ude zu gew\u00e4hrleisten. Kontaktieren Sie uns f\u00fcr weitere Informationen und ein ma\u00dfgeschneidertes Angebot!<\/p>\t\t\t\t\t\t\t\t<\/div>\n\t\t\t\t<\/div>\n\t\t\t\t<\/div>\n\t\t\t\t\t<\/div>\n\t\t\t\t<\/div>\n\t\t<div class=\"elementor-element elementor-element-d2b85be e-flex e-con-boxed e-con e-parent\" data-id=\"d2b85be\" data-element_type=\"container\" data-settings=\"{&quot;background_background&quot;:&quot;classic&quot;}\">\n\t\t\t\t\t<div class=\"e-con-inner\">\n\t\t\t\t<div class=\"elementor-element elementor-element-726a4b3 elementor-widget elementor-widget-heading\" data-id=\"726a4b3\" data-element_type=\"widget\" data-widget_type=\"heading.default\">\n\t\t\t\t<div class=\"elementor-widget-container\">\n\t\t\t\t\t<h2 class=\"elementor-heading-title elementor-size-default\">Beispiele f\u00fcr Referenzen und Produkte<\/h2>\t\t\t\t<\/div>\n\t\t\t\t<\/div>\n\t\t\t\t\t<\/div>\n\t\t\t\t<\/div>\n\t\t<div class=\"elementor-element elementor-element-0ae901f e-flex e-con-boxed e-con e-parent\" data-id=\"0ae901f\" data-element_type=\"container\" data-settings=\"{&quot;background_background&quot;:&quot;classic&quot;}\">\n\t\t\t\t\t<div class=\"e-con-inner\">\n\t\t\t\t<div class=\"elementor-element elementor-element-f7fbd2f elementor-widget elementor-widget-gallery\" data-id=\"f7fbd2f\" data-element_type=\"widget\" data-settings=\"{&quot;columns_mobile&quot;:2,&quot;lazyload&quot;:&quot;yes&quot;,&quot;gallery_layout&quot;:&quot;grid&quot;,&quot;columns&quot;:4,&quot;columns_tablet&quot;:2,&quot;gap&quot;:{&quot;unit&quot;:&quot;px&quot;,&quot;size&quot;:10,&quot;sizes&quot;:[]},&quot;gap_tablet&quot;:{&quot;unit&quot;:&quot;px&quot;,&quot;size&quot;:10,&quot;sizes&quot;:[]},&quot;gap_mobile&quot;:{&quot;unit&quot;:&quot;px&quot;,&quot;size&quot;:10,&quot;sizes&quot;:[]},&quot;link_to&quot;:&quot;file&quot;,&quot;aspect_ratio&quot;:&quot;3:2&quot;,&quot;overlay_background&quot;:&quot;yes&quot;,&quot;content_hover_animation&quot;:&quot;fade-in&quot;}\" data-widget_type=\"gallery.default\">\n\t\t\t\t<div class=\"elementor-widget-container\">\n\t\t\t\t\t\t\t<div class=\"elementor-gallery__container\">\n\t\t\t\t\t\t\t<a class=\"e-gallery-item elementor-gallery-item elementor-animated-content\" href=\"https:\/\/lvjgroup.si\/wp-content\/uploads\/2024\/12\/WhatsApp-Image-2024-12-02-at-2.38.42-PM-1.jpeg\" data-elementor-open-lightbox=\"yes\" data-elementor-lightbox-slideshow=\"f7fbd2f\" data-e-action-hash=\"#elementor-action%3Aaction%3Dlightbox%26settings%3DeyJpZCI6MjEyMSwidXJsIjoiaHR0cHM6XC9cL2x2amdyb3VwLnNpXC93cC1jb250ZW50XC91cGxvYWRzXC8yMDI0XC8xMlwvV2hhdHNBcHAtSW1hZ2UtMjAyNC0xMi0wMi1hdC0yLjM4LjQyLVBNLTEuanBlZyIsInNsaWRlc2hvdyI6ImY3ZmJkMmYifQ%3D%3D\">\n\t\t\t\t\t<div class=\"e-gallery-image elementor-gallery-item__image\" data-thumbnail=\"https:\/\/lvjgroup.si\/wp-content\/uploads\/2024\/12\/WhatsApp-Image-2024-12-02-at-2.38.42-PM-1.jpeg\" data-width=\"470\" data-height=\"470\" aria-label=\"\" role=\"img\" ><\/div>\n\t\t\t\t\t\t\t\t\t\t\t<div class=\"elementor-gallery-item__overlay\"><\/div>\n\t\t\t\t\t\t\t\t\t\t\t\t\t\t<\/a>\n\t\t\t\t\t\t\t<a class=\"e-gallery-item elementor-gallery-item elementor-animated-content\" href=\"https:\/\/lvjgroup.si\/wp-content\/uploads\/2024\/12\/WhatsApp-Image-2024-12-02-at-2.52.37-PM-1.jpeg\" data-elementor-open-lightbox=\"yes\" data-elementor-lightbox-slideshow=\"f7fbd2f\" data-e-action-hash=\"#elementor-action%3Aaction%3Dlightbox%26settings%3DeyJpZCI6MjExOSwidXJsIjoiaHR0cHM6XC9cL2x2amdyb3VwLnNpXC93cC1jb250ZW50XC91cGxvYWRzXC8yMDI0XC8xMlwvV2hhdHNBcHAtSW1hZ2UtMjAyNC0xMi0wMi1hdC0yLjUyLjM3LVBNLTEuanBlZyIsInNsaWRlc2hvdyI6ImY3ZmJkMmYifQ%3D%3D\">\n\t\t\t\t\t<div class=\"e-gallery-image elementor-gallery-item__image\" data-thumbnail=\"https:\/\/lvjgroup.si\/wp-content\/uploads\/2024\/12\/WhatsApp-Image-2024-12-02-at-2.52.37-PM-1.jpeg\" data-width=\"720\" data-height=\"720\" aria-label=\"\" role=\"img\" ><\/div>\n\t\t\t\t\t\t\t\t\t\t\t<div class=\"elementor-gallery-item__overlay\"><\/div>\n\t\t\t\t\t\t\t\t\t\t\t\t\t\t<\/a>\n\t\t\t\t\t\t\t<a class=\"e-gallery-item elementor-gallery-item elementor-animated-content\" href=\"https:\/\/lvjgroup.si\/wp-content\/uploads\/2024\/12\/WhatsApp-Image-2024-12-02-at-2.55.06-PM.jpeg\" data-elementor-open-lightbox=\"yes\" data-elementor-lightbox-slideshow=\"f7fbd2f\" data-e-action-hash=\"#elementor-action%3Aaction%3Dlightbox%26settings%3DeyJpZCI6MjEyNSwidXJsIjoiaHR0cHM6XC9cL2x2amdyb3VwLnNpXC93cC1jb250ZW50XC91cGxvYWRzXC8yMDI0XC8xMlwvV2hhdHNBcHAtSW1hZ2UtMjAyNC0xMi0wMi1hdC0yLjU1LjA2LVBNLmpwZWciLCJzbGlkZXNob3ciOiJmN2ZiZDJmIn0%3D\">\n\t\t\t\t\t<div class=\"e-gallery-image elementor-gallery-item__image\" data-thumbnail=\"https:\/\/lvjgroup.si\/wp-content\/uploads\/2024\/12\/WhatsApp-Image-2024-12-02-at-2.55.06-PM.jpeg\" data-width=\"610\" data-height=\"425\" aria-label=\"\" role=\"img\" ><\/div>\n\t\t\t\t\t\t\t\t\t\t\t<div class=\"elementor-gallery-item__overlay\"><\/div>\n\t\t\t\t\t\t\t\t\t\t\t\t\t\t<\/a>\n\t\t\t\t\t\t\t<a class=\"e-gallery-item elementor-gallery-item elementor-animated-content\" href=\"https:\/\/lvjgroup.si\/wp-content\/uploads\/2024\/12\/WhatsApp-Image-2024-12-03-at-2.16.37-PM-4.jpeg\" data-elementor-open-lightbox=\"yes\" data-elementor-lightbox-slideshow=\"f7fbd2f\" data-e-action-hash=\"#elementor-action%3Aaction%3Dlightbox%26settings%3DeyJpZCI6MjE2NSwidXJsIjoiaHR0cHM6XC9cL2x2amdyb3VwLnNpXC93cC1jb250ZW50XC91cGxvYWRzXC8yMDI0XC8xMlwvV2hhdHNBcHAtSW1hZ2UtMjAyNC0xMi0wMy1hdC0yLjE2LjM3LVBNLTQuanBlZyIsInNsaWRlc2hvdyI6ImY3ZmJkMmYifQ%3D%3D\">\n\t\t\t\t\t<div class=\"e-gallery-image elementor-gallery-item__image\" data-thumbnail=\"https:\/\/lvjgroup.si\/wp-content\/uploads\/2024\/12\/WhatsApp-Image-2024-12-03-at-2.16.37-PM-4-798x1024.jpeg\" data-width=\"798\" data-height=\"1024\" aria-label=\"\" role=\"img\" ><\/div>\n\t\t\t\t\t\t\t\t\t\t\t<div class=\"elementor-gallery-item__overlay\"><\/div>\n\t\t\t\t\t\t\t\t\t\t\t\t\t\t<\/a>\n\t\t\t\t\t\t\t<a class=\"e-gallery-item elementor-gallery-item elementor-animated-content\" href=\"https:\/\/lvjgroup.si\/wp-content\/uploads\/2024\/12\/e48e66a6f86664d0f80bf86ab6816691.jpg\" data-elementor-open-lightbox=\"yes\" data-elementor-lightbox-slideshow=\"f7fbd2f\" data-e-action-hash=\"#elementor-action%3Aaction%3Dlightbox%26settings%3DeyJpZCI6MjY3MywidXJsIjoiaHR0cHM6XC9cL2x2amdyb3VwLnNpXC93cC1jb250ZW50XC91cGxvYWRzXC8yMDI0XC8xMlwvZTQ4ZTY2YTZmODY2NjRkMGY4MGJmODZhYjY4MTY2OTEuanBnIiwic2xpZGVzaG93IjoiZjdmYmQyZiJ9\">\n\t\t\t\t\t<div class=\"e-gallery-image elementor-gallery-item__image\" data-thumbnail=\"https:\/\/lvjgroup.si\/wp-content\/uploads\/2024\/12\/e48e66a6f86664d0f80bf86ab6816691.jpg\" data-width=\"736\" data-height=\"552\" aria-label=\"\" role=\"img\" ><\/div>\n\t\t\t\t\t\t\t\t\t\t\t<div class=\"elementor-gallery-item__overlay\"><\/div>\n\t\t\t\t\t\t\t\t\t\t\t\t\t\t<\/a>\n\t\t\t\t\t\t\t<a class=\"e-gallery-item elementor-gallery-item elementor-animated-content\" href=\"https:\/\/lvjgroup.si\/wp-content\/uploads\/2024\/12\/7b37a3670c07b6c393cd4c6e2bc89a76.jpg\" data-elementor-open-lightbox=\"yes\" data-elementor-lightbox-slideshow=\"f7fbd2f\" data-e-action-hash=\"#elementor-action%3Aaction%3Dlightbox%26settings%3DeyJpZCI6MjY3NCwidXJsIjoiaHR0cHM6XC9cL2x2amdyb3VwLnNpXC93cC1jb250ZW50XC91cGxvYWRzXC8yMDI0XC8xMlwvN2IzN2EzNjcwYzA3YjZjMzkzY2Q0YzZlMmJjODlhNzYuanBnIiwic2xpZGVzaG93IjoiZjdmYmQyZiJ9\">\n\t\t\t\t\t<div class=\"e-gallery-image elementor-gallery-item__image\" data-thumbnail=\"https:\/\/lvjgroup.si\/wp-content\/uploads\/2024\/12\/7b37a3670c07b6c393cd4c6e2bc89a76.jpg\" data-width=\"736\" data-height=\"736\" aria-label=\"\" role=\"img\" ><\/div>\n\t\t\t\t\t\t\t\t\t\t\t<div class=\"elementor-gallery-item__overlay\"><\/div>\n\t\t\t\t\t\t\t\t\t\t\t\t\t\t<\/a>\n\t\t\t\t\t\t\t<a class=\"e-gallery-item elementor-gallery-item elementor-animated-content\" href=\"https:\/\/lvjgroup.si\/wp-content\/uploads\/2024\/12\/WhatsApp-Image-2024-12-02-at-2.52.37-PM-2.jpeg\" data-elementor-open-lightbox=\"yes\" data-elementor-lightbox-slideshow=\"f7fbd2f\" data-e-action-hash=\"#elementor-action%3Aaction%3Dlightbox%26settings%3DeyJpZCI6MjIzOCwidXJsIjoiaHR0cHM6XC9cL2x2amdyb3VwLnNpXC93cC1jb250ZW50XC91cGxvYWRzXC8yMDI0XC8xMlwvV2hhdHNBcHAtSW1hZ2UtMjAyNC0xMi0wMi1hdC0yLjUyLjM3LVBNLTIuanBlZyIsInNsaWRlc2hvdyI6ImY3ZmJkMmYifQ%3D%3D\">\n\t\t\t\t\t<div class=\"e-gallery-image elementor-gallery-item__image\" data-thumbnail=\"https:\/\/lvjgroup.si\/wp-content\/uploads\/2024\/12\/WhatsApp-Image-2024-12-02-at-2.52.37-PM-2-1024x1024.jpeg\" data-width=\"1024\" data-height=\"1024\" aria-label=\"\" role=\"img\" ><\/div>\n\t\t\t\t\t\t\t\t\t\t\t<div class=\"elementor-gallery-item__overlay\"><\/div>\n\t\t\t\t\t\t\t\t\t\t\t\t\t\t<\/a>\n\t\t\t\t\t\t\t<a class=\"e-gallery-item elementor-gallery-item elementor-animated-content\" href=\"https:\/\/lvjgroup.si\/wp-content\/uploads\/2024\/12\/WhatsApp-Image-2024-12-03-at-2.16.37-PM-3-1.jpeg\" data-elementor-open-lightbox=\"yes\" data-elementor-lightbox-slideshow=\"f7fbd2f\" data-e-action-hash=\"#elementor-action%3Aaction%3Dlightbox%26settings%3DeyJpZCI6MjIzNywidXJsIjoiaHR0cHM6XC9cL2x2amdyb3VwLnNpXC93cC1jb250ZW50XC91cGxvYWRzXC8yMDI0XC8xMlwvV2hhdHNBcHAtSW1hZ2UtMjAyNC0xMi0wMy1hdC0yLjE2LjM3LVBNLTMtMS5qcGVnIiwic2xpZGVzaG93IjoiZjdmYmQyZiJ9\">\n\t\t\t\t\t<div class=\"e-gallery-image elementor-gallery-item__image\" data-thumbnail=\"https:\/\/lvjgroup.si\/wp-content\/uploads\/2024\/12\/WhatsApp-Image-2024-12-03-at-2.16.37-PM-3-1-1024x1024.jpeg\" data-width=\"1024\" data-height=\"1024\" aria-label=\"\" role=\"img\" ><\/div>\n\t\t\t\t\t\t\t\t\t\t\t<div class=\"elementor-gallery-item__overlay\"><\/div>\n\t\t\t\t\t\t\t\t\t\t\t\t\t\t<\/a>\n\t\t\t\t\t\t\t<a class=\"e-gallery-item elementor-gallery-item elementor-animated-content\" href=\"https:\/\/lvjgroup.si\/wp-content\/uploads\/2024\/12\/e22d3b225c09fb2b9c2701a3c077e568.jpg\" data-elementor-open-lightbox=\"yes\" data-elementor-lightbox-slideshow=\"f7fbd2f\" data-e-action-hash=\"#elementor-action%3Aaction%3Dlightbox%26settings%3DeyJpZCI6MjczNiwidXJsIjoiaHR0cHM6XC9cL2x2amdyb3VwLnNpXC93cC1jb250ZW50XC91cGxvYWRzXC8yMDI0XC8xMlwvZTIyZDNiMjI1YzA5ZmIyYjljMjcwMWEzYzA3N2U1NjguanBnIiwic2xpZGVzaG93IjoiZjdmYmQyZiJ9\">\n\t\t\t\t\t<div class=\"e-gallery-image elementor-gallery-item__image\" data-thumbnail=\"https:\/\/lvjgroup.si\/wp-content\/uploads\/2024\/12\/e22d3b225c09fb2b9c2701a3c077e568.jpg\" data-width=\"426\" data-height=\"640\" aria-label=\"\" role=\"img\" ><\/div>\n\t\t\t\t\t\t\t\t\t\t\t<div class=\"elementor-gallery-item__overlay\"><\/div>\n\t\t\t\t\t\t\t\t\t\t\t\t\t\t<\/a>\n\t\t\t\t\t<\/div>\n\t\t\t\t\t<\/div>\n\t\t\t\t<\/div>\n\t\t\t\t\t<\/div>\n\t\t\t\t<\/div>\n\t\t<div class=\"elementor-element elementor-element-727de4c e-flex e-con-boxed e-con e-parent\" data-id=\"727de4c\" data-element_type=\"container\" data-settings=\"{&quot;background_background&quot;:&quot;classic&quot;}\">\n\t\t\t\t\t<div class=\"e-con-inner\">\n\t\t<div class=\"elementor-element elementor-element-c237732 e-con-full e-flex e-con e-child\" data-id=\"c237732\" data-element_type=\"container\">\n\t\t\t\t<div class=\"elementor-element elementor-element-e01f74a elementor-widget elementor-widget-text-editor\" data-id=\"e01f74a\" data-element_type=\"widget\" data-widget_type=\"text-editor.default\">\n\t\t\t\t<div class=\"elementor-widget-container\">\n\t\t\t\t\t\t\t\t\t<p>Haben Sie noch Fragen oder ben\u00f6tigen Sie weitere Informationen? W\u00e4hlen Sie die Option, die am besten zu Ihnen passt<\/p>\t\t\t\t\t\t\t\t<\/div>\n\t\t\t\t<\/div>\n\t\t\t\t<\/div>\n\t\t<div class=\"elementor-element elementor-element-8a96295 e-con-full e-flex e-con e-child\" data-id=\"8a96295\" data-element_type=\"container\">\n\t\t\t\t<div class=\"elementor-element elementor-element-19458ce elementor-widget elementor-widget-button\" data-id=\"19458ce\" data-element_type=\"widget\" data-widget_type=\"button.default\">\n\t\t\t\t<div class=\"elementor-widget-container\">\n\t\t\t\t\t\t\t\t\t<div class=\"elementor-button-wrapper\">\n\t\t\t\t\t<a class=\"elementor-button elementor-button-link elementor-size-sm\" href=\"#\">\n\t\t\t\t\t\t<span class=\"elementor-button-content-wrapper\">\n\t\t\t\t\t\t\t\t\t<span class=\"elementor-button-text\">&gt; Vrni se na doma\u010do stran<\/span>\n\t\t\t\t\t<\/span>\n\t\t\t\t\t<\/a>\n\t\t\t\t<\/div>\n\t\t\t\t\t\t\t\t<\/div>\n\t\t\t\t<\/div>\n\t\t\t\t<div class=\"elementor-element elementor-element-9a9b501 elementor-widget elementor-widget-button\" data-id=\"9a9b501\" data-element_type=\"widget\" data-widget_type=\"button.default\">\n\t\t\t\t<div class=\"elementor-widget-container\">\n\t\t\t\t\t\t\t\t\t<div class=\"elementor-button-wrapper\">\n\t\t\t\t\t<a class=\"elementor-button elementor-button-link elementor-size-sm\" href=\"#\">\n\t\t\t\t\t\t<span class=\"elementor-button-content-wrapper\">\n\t\t\t\t\t\t\t\t\t<span class=\"elementor-button-text\">&gt; Oglej si projekte<\/span>\n\t\t\t\t\t<\/span>\n\t\t\t\t\t<\/a>\n\t\t\t\t<\/div>\n\t\t\t\t\t\t\t\t<\/div>\n\t\t\t\t<\/div>\n\t\t\t\t<div class=\"elementor-element elementor-element-9d5ee03 elementor-widget elementor-widget-button\" data-id=\"9d5ee03\" data-element_type=\"widget\" data-widget_type=\"button.default\">\n\t\t\t\t<div class=\"elementor-widget-container\">\n\t\t\t\t\t\t\t\t\t<div class=\"elementor-button-wrapper\">\n\t\t\t\t\t<a class=\"elementor-button elementor-button-link elementor-size-sm\" href=\"#\">\n\t\t\t\t\t\t<span class=\"elementor-button-content-wrapper\">\n\t\t\t\t\t\t\t\t\t<span class=\"elementor-button-text\">&gt; Kontaktiraj\u00a0nas<\/span>\n\t\t\t\t\t<\/span>\n\t\t\t\t\t<\/a>\n\t\t\t\t<\/div>\n\t\t\t\t\t\t\t\t<\/div>\n\t\t\t\t<\/div>\n\t\t\t\t<\/div>\n\t\t\t\t\t<\/div>\n\t\t\t\t<\/div>\n\t\t<div class=\"elementor-element elementor-element-573f33b e-flex e-con-boxed e-con e-parent\" data-id=\"573f33b\" data-element_type=\"container\" data-settings=\"{&quot;background_background&quot;:&quot;classic&quot;}\">\n\t\t\t\t\t<div class=\"e-con-inner\">\n\t\t\t\t<div class=\"elementor-element elementor-element-943d7fa elementor-widget elementor-widget-image\" data-id=\"943d7fa\" data-element_type=\"widget\" data-widget_type=\"image.default\">\n\t\t\t\t<div class=\"elementor-widget-container\">\n\t\t\t\t\t\t\t\t\t\t\t\t\t\t\t<img fetchpriority=\"high\" decoding=\"async\" width=\"607\" height=\"411\" src=\"https:\/\/lvjgroup.si\/wp-content\/uploads\/2024\/12\/logo-removebg-preview-175x118.png\" class=\"attachment-large size-large wp-image-2501\" alt=\"\" srcset=\"https:\/\/lvjgroup.si\/wp-content\/uploads\/2024\/12\/logo-removebg-preview.png 1x, https:\/\/lvjgroup.si\/wp-content\/uploads\/2024\/12\/logo-removebg-preview.png 2x\" sizes=\"(max-width: 607px) 100vw, 607px\" \/>\t\t\t\t\t\t\t\t\t\t\t\t\t\t\t<\/div>\n\t\t\t\t<\/div>\n\t\t\t\t<div class=\"elementor-element elementor-element-6331554 elementor-widget__width-initial elementor-widget elementor-widget-text-editor\" data-id=\"6331554\" data-element_type=\"widget\" data-widget_type=\"text-editor.default\">\n\t\t\t\t<div class=\"elementor-widget-container\">\n\t\t\t\t\t\t\t\t\t<p>Die LVJ Group bietet hochwertige und zuverl\u00e4ssige L\u00f6sungen f\u00fcr Treppen, Z\u00e4une, Schutzpfeiler und andere ma\u00dfgeschneiderte Metallprodukte, die Handwerkskunst, Stil und Funktionalit\u00e4t vereinen. Vertrauen Sie unserem Fachwissen, um Ihre Vision zu verwirklichen!<\/p>\t\t\t\t\t\t\t\t<\/div>\n\t\t\t\t<\/div>\n\t\t\t\t\t<\/div>\n\t\t\t\t<\/div>\n\t\t\t\t<\/div>","protected":false},"excerpt":{"rendered":"<p>Nadstre\u0161ki in strehe Nadstre\u0161ki in strehe Ponujamo trdne in zanesljive re\u0161itve za kovinske strehe, primerne za vse vrste zgradb. Na\u0161i tipi vklju\u010dujejo: Kovinske strehe iz \u010drnega kovine\u00a0\u2013 Mo\u010dne in vzdr\u017eljive, primerne za razli\u010dne vremenske pogoje in zagotovijo dolgo \u017eivljenjsko dobo. Kovinske strehe iz nerjave\u010dega jekla (Edelstahl)\u00a0\u2013 Odpornost proti koroziji, ponujajo dodatno varnost in sodoben videz [&hellip;]<\/p>","protected":false},"author":1,"featured_media":0,"parent":0,"menu_order":0,"comment_status":"closed","ping_status":"closed","template":"","meta":{"site-sidebar-layout":"no-sidebar","site-content-layout":"page-builder","ast-site-content-layout":"full-width-container","site-content-style":"default","site-sidebar-style":"default","ast-global-header-display":"","ast-banner-title-visibility":"","ast-main-header-display":"","ast-hfb-above-header-display":"","ast-hfb-below-header-display":"","ast-hfb-mobile-header-display":"","site-post-title":"disabled","ast-breadcrumbs-content":"","ast-featured-img":"disabled","footer-sml-layout":"","theme-transparent-header-meta":"","adv-header-id-meta":"","stick-header-meta":"","header-above-stick-meta":"","header-main-stick-meta":"","header-below-stick-meta":"","astra-migrate-meta-layouts":"set","ast-page-background-enabled":"default","ast-page-background-meta":{"desktop":{"background-color":"var(--ast-global-color-4)","background-image":"","background-repeat":"repeat","background-position":"center center","background-size":"auto","background-attachment":"scroll","background-type":"","background-media":"","overlay-type":"","overlay-color":"","overlay-opacity":"","overlay-gradient":""},"tablet":{"background-color":"","background-image":"","background-repeat":"repeat","background-position":"center center","background-size":"auto","background-attachment":"scroll","background-type":"","background-media":"","overlay-type":"","overlay-color":"","overlay-opacity":"","overlay-gradient":""},"mobile":{"background-color":"","background-image":"","background-repeat":"repeat","background-position":"center center","background-size":"auto","background-attachment":"scroll","background-type":"","background-media":"","overlay-type":"","overlay-color":"","overlay-opacity":"","overlay-gradient":""}},"ast-content-background-meta":{"desktop":{"background-color":"var(--ast-global-color-5)","background-image":"","background-repeat":"repeat","background-position":"center center","background-size":"auto","background-attachment":"scroll","background-type":"","background-media":"","overlay-type":"","overlay-color":"","overlay-opacity":"","overlay-gradient":""},"tablet":{"background-color":"var(--ast-global-color-5)","background-image":"","background-repeat":"repeat","background-position":"center center","background-size":"auto","background-attachment":"scroll","background-type":"","background-media":"","overlay-type":"","overlay-color":"","overlay-opacity":"","overlay-gradient":""},"mobile":{"background-color":"var(--ast-global-color-5)","background-image":"","background-repeat":"repeat","background-position":"center center","background-size":"auto","background-attachment":"scroll","background-type":"","background-media":"","overlay-type":"","overlay-color":"","overlay-opacity":"","overlay-gradient":""}},"footnotes":""},"class_list":["post-2299","page","type-page","status-publish","hentry"],"_links":{"self":[{"href":"https:\/\/lvjgroup.si\/de\/wp-json\/wp\/v2\/pages\/2299","targetHints":{"allow":["GET"]}}],"collection":[{"href":"https:\/\/lvjgroup.si\/de\/wp-json\/wp\/v2\/pages"}],"about":[{"href":"https:\/\/lvjgroup.si\/de\/wp-json\/wp\/v2\/types\/page"}],"author":[{"embeddable":true,"href":"https:\/\/lvjgroup.si\/de\/wp-json\/wp\/v2\/users\/1"}],"replies":[{"embeddable":true,"href":"https:\/\/lvjgroup.si\/de\/wp-json\/wp\/v2\/comments?post=2299"}],"version-history":[{"count":26,"href":"https:\/\/lvjgroup.si\/de\/wp-json\/wp\/v2\/pages\/2299\/revisions"}],"predecessor-version":[{"id":2739,"href":"https:\/\/lvjgroup.si\/de\/wp-json\/wp\/v2\/pages\/2299\/revisions\/2739"}],"wp:attachment":[{"href":"https:\/\/lvjgroup.si\/de\/wp-json\/wp\/v2\/media?parent=2299"}],"curies":[{"name":"wp","href":"https:\/\/api.w.org\/{rel}","templated":true}]}}